{"id":230,"date":"2025-02-06T13:35:13","date_gmt":"2025-02-06T16:35:13","guid":{"rendered":"https:\/\/padraovhml.tech.math.group\/?page_id=230"},"modified":"2025-04-28T09:30:42","modified_gmt":"2025-04-28T12:30:42","slug":"cana","status":"publish","type":"page","link":"https:\/\/naturalsa.valtraar.math.group\/es\/cana\/","title":{"rendered":"Ca\u00f1a"},"content":{"rendered":"<div data-elementor-type=\"wp-page\" data-elementor-id=\"230\" class=\"elementor elementor-230\">\n\t\t\t\t<div class=\"elementor-element elementor-element-2dfb576a e-con-full main-title  e-flex e-con e-parent\" data-id=\"2dfb576a\" data-element_type=\"container\" data-settings=\"{&quot;background_background&quot;:&quot;classic&quot;}\">\n\t\t\t\t<div class=\"elementor-element elementor-element-1f7a8de content elementor-widget elementor-widget-heading\" data-id=\"1f7a8de\" data-element_type=\"widget\" data-widget_type=\"heading.default\">\n\t\t\t\t<div class=\"elementor-widget-container\">\n\t\t\t\t\t<h2 class=\"elementor-heading-title elementor-size-default\">La robustez necesaria <\/h2>\t\t\t\t<\/div>\n\t\t\t\t<\/div>\n\t\t\t\t<div class=\"elementor-element elementor-element-8fe1e1b content elementor-widget elementor-widget-heading\" data-id=\"8fe1e1b\" data-element_type=\"widget\" data-widget_type=\"heading.default\">\n\t\t\t\t<div class=\"elementor-widget-container\">\n\t\t\t\t\t<h2 class=\"elementor-heading-title elementor-size-default\">para una operaci\u00f3n sucroenerg\u00e9tica eficiente<\/h2>\t\t\t\t<\/div>\n\t\t\t\t<\/div>\n\t\t\t\t<\/div>\n\t\t<div class=\"elementor-element elementor-element-2865bf8e e-con-full content e-flex e-con e-parent\" data-id=\"2865bf8e\" data-element_type=\"container\">\n\t\t\t\t<div class=\"elementor-element elementor-element-71b65fda main-title with-separator elementor-widget elementor-widget-heading\" data-id=\"71b65fda\" data-element_type=\"widget\" data-widget_type=\"heading.default\">\n\t\t\t\t<div class=\"elementor-widget-container\">\n\t\t\t\t\t<span class=\"elementor-heading-title elementor-size-default\">SOLUCIONES POR CULTIVO: CA\u00d1A\n\n<\/span>\t\t\t\t<\/div>\n\t\t\t\t<\/div>\n\t\t\t\t<\/div>\n\t\t<div class=\"elementor-element elementor-element-e97af75 content e-flex e-con-boxed e-con e-child\" data-id=\"e97af75\" data-element_type=\"container\">\n\t\t\t\t\t<div class=\"e-con-inner\">\n\t\t\t\t<div class=\"elementor-element elementor-element-638f77b main-subtitle elementor-widget elementor-widget-heading\" data-id=\"638f77b\" data-element_type=\"widget\" data-widget_type=\"heading.default\">\n\t\t\t\t<div class=\"elementor-widget-container\">\n\t\t\t\t\t<span class=\"elementor-heading-title elementor-size-default\">Va m\u00e1s all\u00e1 de la siembra hasta la cosecha<\/span>\t\t\t\t<\/div>\n\t\t\t\t<\/div>\n\t\t\t\t<div class=\"elementor-element elementor-element-dc4806a elementor-widget elementor-widget-text-editor\" data-id=\"dc4806a\" data-element_type=\"widget\" data-widget_type=\"text-editor.default\">\n\t\t\t\t<div class=\"elementor-widget-container\">\n\t\t\t\t\t\t\t\t\t<p class=\"colctrl__heading\"><span style=\"font-size: 16px;\">Dado que la ca\u00f1a de az\u00facar es uno de los cultivos principales de Brasil y, reconocidamente, un segmento de alta intensidad, es esencial contar con m\u00e1quinas robustas y potentes. Valtra dispone de una gama de soluciones completas, f\u00e1ciles de operar y con recursos exclusivos para atender su producci\u00f3n sucroenerg\u00e9tica con m\u00e1ximo rendimiento, incluso para plantaciones en mediosi.<\/span><\/p>\n\n<div class=\"row\"><section class=\"col-sm-12 desktop\">\n<div id=\"container-b48af94cc8\" class=\"cmp-container\">\n<div class=\"cmp cmp-text\">\n\nEl portafolio de Valtra para ca\u00f1a de az\u00facar cubre las demandas del productor desde la planificaci\u00f3n de la producci\u00f3n hasta la entrega de la ca\u00f1a en la planta, superando lo com\u00fan de \u201cde la siembra a la cosecha\u201d. Cuenta con herramientas y m\u00e1quinas que ayudan a planificar, ejecutar y medir toda la gesti\u00f3n de su operaci\u00f3n agr\u00edcola, reduciendo su costo operativo.\n\nObtenga mayor rendimiento y optimice las operaciones con el mapa de siembra sistematizado por <strong><a href=\"\/es\/agricultura-inteligente\/pilotos-automaticos\/\">Agrocad<\/a><\/strong> combinado con los modernos sistemas de <strong><a href=\"\/es\/agricultura-inteligente\/pilotos-automaticos\/\">Piloto Autom\u00e1tico<\/a><\/strong> de los equipos. Y disponga de excelente soporte t\u00e9cnico, disponibilidad de repuestos, capacitaciones y servicios postventa. <strong>Haga las cuentas y compruebe los resultados de optimizar el rendimiento de cada parcela y maximice su capacidad operativa durante todo el ciclo productivo de la ca\u00f1a de az\u00facar.<\/strong>\n\n<\/div>\n<\/div>\n<\/section><\/div>\n\t\t\t\t\t\t\t\t<\/div>\n\t\t\t\t<\/div>\n\t\t\t\t\t<\/div>\n\t\t\t\t<\/div>\n\t\t<div class=\"elementor-element elementor-element-7d49114 content e-flex e-con-boxed e-con e-child\" data-id=\"7d49114\" data-element_type=\"container\">\n\t\t\t\t\t<div class=\"e-con-inner\">\n\t\t\t\t<div class=\"elementor-element elementor-element-b5b5c66 main-subtitle elementor-widget elementor-widget-heading\" data-id=\"b5b5c66\" data-element_type=\"widget\" data-widget_type=\"heading.default\">\n\t\t\t\t<div class=\"elementor-widget-container\">\n\t\t\t\t\t<span class=\"elementor-heading-title elementor-size-default\">Soluciones para el ciclo completo\n\n<\/span>\t\t\t\t<\/div>\n\t\t\t\t<\/div>\n\t\t\t\t<div class=\"elementor-element elementor-element-eb8e984 elementor-widget elementor-widget-text-editor\" data-id=\"eb8e984\" data-element_type=\"widget\" data-widget_type=\"text-editor.default\">\n\t\t\t\t<div class=\"elementor-widget-container\">\n\t\t\t\t\t\t\t\t\tReduzca el consumo de combustible y aumente la eficiencia en todas las etapas de la producci\u00f3n al contar con productos Valtra y tecnolog\u00edas Fuse en su operaci\u00f3n sucroenerg\u00e9tica.\n\n<ol> <li><strong>Planificaci\u00f3n de la producci\u00f3n y la siembra:<\/strong> garantice un <strong>incremento de hasta el 20% en productividad<\/strong> y <strong>ganancias de hasta el 5%<\/strong> en aprovechamiento del \u00e1rea con proyectos de l\u00ednea estructurados con el apoyo de <strong><a href=\"\/es\/agricultura-inteligente\/farm-solutions\/\">Agrocad<\/a><\/strong>.<\/li> <li><strong>Preparaci\u00f3n del suelo:<\/strong> <strong>ahorre hasta un 25% de combustible<\/strong> en esta etapa con la eficiencia de la <strong><a href=\"\/es\/productos\/tratores\/serie-t-cvt\/\">Serie T CVT<\/a><\/strong>;<\/li> <li><strong>Siembra<\/strong>: <strong>obtenga un 7% m\u00e1s de \u00e1rea sembrada,<\/strong> con precisi\u00f3n en el dep\u00f3sito de pl\u00e1ntulas en los puntos planificados y distribuci\u00f3n de ca\u00f1a m\u00e1s uniforme en los surcos gracias al equilibrio proporcionado por el conjunto de sembradora y tractor T CVT.<\/li> <li><strong>Trabajos culturales<\/strong>: controle la infestaci\u00f3n de maleza y plagas manteniendo la salud de la planta con los pulverizadores Valtra.<\/li> <li><strong>Entrega de ca\u00f1a en la planta:<\/strong> con trazabilidad total de la materia prima cosechada y gesti\u00f3n log\u00edstica eficiente de los transportes.<\/li> <\/ol>\t\t\t\t\t\t\t\t<\/div>\n\t\t\t\t<\/div>\n\t\t\t\t\t<\/div>\n\t\t\t\t<\/div>\n\t\t<div class=\"elementor-element elementor-element-721237df e-con-full content e-flex e-con e-parent\" data-id=\"721237df\" data-element_type=\"container\">\n\t\t\t\t<div class=\"elementor-element elementor-element-70ed1129 main-title with-separator elementor-widget elementor-widget-heading\" data-id=\"70ed1129\" data-element_type=\"widget\" data-widget_type=\"heading.default\">\n\t\t\t\t<div class=\"elementor-widget-container\">\n\t\t\t\t\t<span class=\"elementor-heading-title elementor-size-default\">Descubra algunos de los destacados consagrados para su producci\u00f3n:\n\n<\/span>\t\t\t\t<\/div>\n\t\t\t\t<\/div>\n\t\t\t\t<\/div>\n\t\t<div class=\"elementor-element elementor-element-20663706 e-con-full content e-flex e-con e-parent\" data-id=\"20663706\" data-element_type=\"container\">\n\t\t<div class=\"elementor-element elementor-element-31e42618 e-con-full e-flex e-con e-child\" data-id=\"31e42618\" data-element_type=\"container\">\n\t\t\t\t<div class=\"elementor-element elementor-element-6953450 main-subtitle elementor-widget elementor-widget-heading\" data-id=\"6953450\" data-element_type=\"widget\" data-widget_type=\"heading.default\">\n\t\t\t\t<div class=\"elementor-widget-container\">\n\t\t\t\t\t<span class=\"elementor-heading-title elementor-size-default\">BH HiTech\n<\/span>\t\t\t\t<\/div>\n\t\t\t\t<\/div>\n\t\t\t\t<div class=\"elementor-element elementor-element-7232b696 elementor-widget elementor-widget-text-editor\" data-id=\"7232b696\" data-element_type=\"widget\" data-widget_type=\"text-editor.default\">\n\t\t\t\t<div class=\"elementor-widget-container\">\n\t\t\t\t\t\t\t\t\t<div class=\"liftblockcomp aem-GridColumn aem-GridColumn--default--12\"><div class=\"liftblock liftblock--half liftblock--right\"><div class=\"liftblock__wrap\"><div class=\"liftblock__text\"><div class=\"liftblock__text-wrap\"><div class=\"liftblock__description\"><p class=\"\" data-start=\"44\" data-end=\"1174\">Una de las m\u00e1quinas m\u00e1s premiadas del sector sucroenerg\u00e9tico por su excelente rendimiento y gran confiabilidad, el <strong data-start=\"159\" data-end=\"172\">BH HiTech<\/strong> cuenta con transmisi\u00f3n HiTech 3 y modos autom\u00e1ticos para optimizar la operaci\u00f3n. Dispone de un eje trasero pasante vers\u00e1til que elimina la necesidad de espaciadores, y un eje delantero con opci\u00f3n de 3 metros de f\u00e1cil instalaci\u00f3n y ajuste variable, que no solo cubre la necesidad de espaciamiento entre hileras, sino que tambi\u00e9n protege su ca\u00f1averal de pisoteos indeseados. Much\u00edsimas m\u00e1s ventajas en comparaci\u00f3n con los ejes macizos, comunes en versiones con la misma potencia disponibles en el mercado. El tractor tambi\u00e9n tiene un sistema hidr\u00e1ulico con un reservorio exclusivo y el mayor caudal del mercado, lo que ahorra tiempo en la descarga, aumenta la disponibilidad del conjunto y mejora la agilidad en el transbordo. La transmisi\u00f3n 18&#215;18 con un excelente escalonamiento de marchas proporciona la velocidad ideal a bajas revoluciones, con respuesta \u00e1gil y alto par motor, garantizando m\u00e1s horas de trabajo. Tradici\u00f3n y reconocimiento de su aliado de siempre con la mejor tecnolog\u00eda incorporada.<\/p><\/div><\/div><\/div><\/div><\/div><\/div>\t\t\t\t\t\t\t\t<\/div>\n\t\t\t\t<\/div>\n\t\t\t\t<div class=\"elementor-element elementor-element-b651ec0 elementor-align-left elementor-widget elementor-widget-button\" data-id=\"b651ec0\" data-element_type=\"widget\" data-widget_type=\"button.default\">\n\t\t\t\t<div class=\"elementor-widget-container\">\n\t\t\t\t\t\t\t\t\t<div class=\"elementor-button-wrapper\">\n\t\t\t\t\t<a class=\"elementor-button elementor-button-link elementor-size-sm\" href=\"\/es\/productos\/tratores\/bh-hitech\/\">\n\t\t\t\t\t\t<span class=\"elementor-button-content-wrapper\">\n\t\t\t\t\t\t\t\t\t<span class=\"elementor-button-text\">SABER M\u00c1S<\/span>\n\t\t\t\t\t<\/span>\n\t\t\t\t\t<\/a>\n\t\t\t\t<\/div>\n\t\t\t\t\t\t\t\t<\/div>\n\t\t\t\t<\/div>\n\t\t\t\t<\/div>\n\t\t<div class=\"elementor-element elementor-element-3dc29ee7 e-con-full e-flex elementor-invisible e-con e-child\" data-id=\"3dc29ee7\" data-element_type=\"container\" data-settings=\"{&quot;animation&quot;:&quot;fadeInRight&quot;}\">\n\t\t\t\t<div class=\"elementor-element elementor-element-504cabfd elementor-widget elementor-widget-image\" data-id=\"504cabfd\" data-element_type=\"widget\" data-widget_type=\"image.default\">\n\t\t\t\t<div class=\"elementor-widget-container\">\n\t\t\t\t\t\t\t\t\t\t\t\t\t\t\t<img fetchpriority=\"high\" decoding=\"async\" width=\"800\" height=\"450\" src=\"https:\/\/naturalsa.valtraar.math.group\/wp-content\/uploads\/sites\/26\/2025\/02\/thumb_bh-hitech.jpg\" class=\"attachment-large size-large wp-image-232\" alt=\"\" srcset=\"https:\/\/naturalsa.valtraar.math.group\/wp-content\/uploads\/sites\/26\/2025\/02\/thumb_bh-hitech.jpg 800w, https:\/\/naturalsa.valtraar.math.group\/wp-content\/uploads\/sites\/26\/2025\/02\/thumb_bh-hitech-300x169.jpg 300w, https:\/\/naturalsa.valtraar.math.group\/wp-content\/uploads\/sites\/26\/2025\/02\/thumb_bh-hitech-768x432.jpg 768w\" sizes=\"(max-width: 800px) 100vw, 800px\" \/>\t\t\t\t\t\t\t\t\t\t\t\t\t\t\t<\/div>\n\t\t\t\t<\/div>\n\t\t\t\t<\/div>\n\t\t\t\t<\/div>\n\t\t<div class=\"elementor-element elementor-element-22cf2640 e-con-full content e-flex e-con e-parent\" data-id=\"22cf2640\" data-element_type=\"container\">\n\t\t<div class=\"elementor-element elementor-element-18d70017 e-con-full e-flex elementor-invisible e-con e-child\" data-id=\"18d70017\" data-element_type=\"container\" data-settings=\"{&quot;animation&quot;:&quot;fadeInLeft&quot;}\">\n\t\t\t\t<div class=\"elementor-element elementor-element-6ca9fc41 elementor-widget elementor-widget-image\" data-id=\"6ca9fc41\" data-element_type=\"widget\" data-widget_type=\"image.default\">\n\t\t\t\t<div class=\"elementor-widget-container\">\n\t\t\t\t\t\t\t\t\t\t\t\t\t\t\t<img decoding=\"async\" width=\"600\" height=\"600\" src=\"https:\/\/naturalsa.valtraar.math.group\/wp-content\/uploads\/sites\/26\/TCVT-600x600.jpg\" class=\"attachment-gb-block-post-grid-square size-gb-block-post-grid-square wp-image-1346\" alt=\"\" srcset=\"https:\/\/naturalsa.valtraar.math.group\/wp-content\/uploads\/sites\/26\/TCVT-600x600.jpg 600w, https:\/\/naturalsa.valtraar.math.group\/wp-content\/uploads\/sites\/26\/TCVT-300x300.jpg 300w, https:\/\/naturalsa.valtraar.math.group\/wp-content\/uploads\/sites\/26\/TCVT-150x150.jpg 150w, https:\/\/naturalsa.valtraar.math.group\/wp-content\/uploads\/sites\/26\/TCVT-12x12.jpg 12w, https:\/\/naturalsa.valtraar.math.group\/wp-content\/uploads\/sites\/26\/TCVT.jpg 768w\" sizes=\"(max-width: 600px) 100vw, 600px\" \/>\t\t\t\t\t\t\t\t\t\t\t\t\t\t\t<\/div>\n\t\t\t\t<\/div>\n\t\t\t\t<\/div>\n\t\t<div class=\"elementor-element elementor-element-3010f91e e-con-full e-flex e-con e-child\" data-id=\"3010f91e\" data-element_type=\"container\">\n\t\t\t\t<div class=\"elementor-element elementor-element-84e665 main-subtitle elementor-widget elementor-widget-heading\" data-id=\"84e665\" data-element_type=\"widget\" data-widget_type=\"heading.default\">\n\t\t\t\t<div class=\"elementor-widget-container\">\n\t\t\t\t\t<span class=\"elementor-heading-title elementor-size-default\">S\u00e9rie T CVT\n<\/span>\t\t\t\t<\/div>\n\t\t\t\t<\/div>\n\t\t\t\t<div class=\"elementor-element elementor-element-ce1178c elementor-widget elementor-widget-text-editor\" data-id=\"ce1178c\" data-element_type=\"widget\" data-widget_type=\"text-editor.default\">\n\t\t\t\t<div class=\"elementor-widget-container\">\n\t\t\t\t\t\t\t\t\tLa <a href=\"\/es\/productos\/tratores\/serie-tcvt.html\/\">Serie T<\/a> <a href=\"\/es\/productos\/tratores\/serie-tcvt.html\/\">CVT<\/a> cuenta con la mejor tecnolog\u00eda en tracci\u00f3n de su categor\u00eda, atendiendo las altas demandas de los productores en las diferentes etapas de la producci\u00f3n. Destaca por su excelente rendimiento en la preparaci\u00f3n del suelo, con un ahorro promedio de consumo de combustible del 25%, adem\u00e1s de alta resistencia, disponibilidad y robustez necesarias para soportar las operaciones severas del cultivo. Dispone de un eje delantero con opci\u00f3n de 3 metros de f\u00e1cil instalaci\u00f3n y ajuste variable, mucho m\u00e1s ventajoso que los ejes macizos, cubriendo la necesidad de espaciamiento entre hileras y protegiendo su ca\u00f1averal de pisoteos indeseados. Conf\u00ede en un tractor que trabaja muchas horas al a\u00f1o, necesarias para una operaci\u00f3n sucroenerg\u00e9tica, sin dejarte y con bajo \u00edndice de paradas no programadas.\t\t\t\t\t\t\t\t<\/div>\n\t\t\t\t<\/div>\n\t\t\t\t<div class=\"elementor-element elementor-element-3ad1a125 elementor-align-left elementor-widget elementor-widget-button\" data-id=\"3ad1a125\" data-element_type=\"widget\" data-widget_type=\"button.default\">\n\t\t\t\t<div class=\"elementor-widget-container\">\n\t\t\t\t\t\t\t\t\t<div class=\"elementor-button-wrapper\">\n\t\t\t\t\t<a class=\"elementor-button elementor-button-link elementor-size-sm\" href=\"\/es\/productos\/tratores\/serie-t-cvt\/\">\n\t\t\t\t\t\t<span class=\"elementor-button-content-wrapper\">\n\t\t\t\t\t\t\t\t\t<span class=\"elementor-button-text\">SABER M\u00c1S<\/span>\n\t\t\t\t\t<\/span>\n\t\t\t\t\t<\/a>\n\t\t\t\t<\/div>\n\t\t\t\t\t\t\t\t<\/div>\n\t\t\t\t<\/div>\n\t\t\t\t<\/div>\n\t\t\t\t<\/div>\n\t\t<div class=\"elementor-element elementor-element-7fe3f77a e-con-full content e-flex e-con e-parent\" data-id=\"7fe3f77a\" data-element_type=\"container\">\n\t\t<div class=\"elementor-element elementor-element-39a5a82a e-con-full e-flex e-con e-child\" data-id=\"39a5a82a\" data-element_type=\"container\">\n\t\t\t\t<div class=\"elementor-element elementor-element-7c41466a main-subtitle elementor-widget elementor-widget-heading\" data-id=\"7c41466a\" data-element_type=\"widget\" data-widget_type=\"heading.default\">\n\t\t\t\t<div class=\"elementor-widget-container\">\n\t\t\t\t\t<span class=\"elementor-heading-title elementor-size-default\">Tractor L\u00ednea BM Generaci\u00f3n 4\n\n<\/span>\t\t\t\t<\/div>\n\t\t\t\t<\/div>\n\t\t\t\t<div class=\"elementor-element elementor-element-731cafa4 elementor-widget elementor-widget-text-editor\" data-id=\"731cafa4\" data-element_type=\"widget\" data-widget_type=\"text-editor.default\">\n\t\t\t\t<div class=\"elementor-widget-container\">\n\t\t\t\t\t\t\t\t\t<p class=\"\" data-start=\"79\" data-end=\"523\">Un tractor tradicional con m\u00e1s de <strong data-start=\"113\" data-end=\"124\">20 a\u00f1os<\/strong> de historia en el sector sucroenerg\u00e9tico, la cuarta generaci\u00f3n de la L\u00ednea BM realiza todos los servicios con bajo consumo de combustible y alto rendimiento, ofreciendo hasta un <strong data-start=\"303\" data-end=\"320\">15% de ahorro<\/strong> para el productor gracias a su Motor AGCO Power y la transmisi\u00f3n sincronizada Multitorque electrohidr\u00e1ulica, que tambi\u00e9n garantizan m\u00e1s agilidad y alto rendimiento en el tractor durante las operaciones.<\/p><p class=\"\" data-start=\"525\" data-end=\"694\">Adem\u00e1s, son m\u00e1quinas f\u00e1ciles de operar, dise\u00f1adas para los productores que necesitan resultados en productividad con mucha econom\u00eda, simplicidad y sin perder el confort.<\/p>\t\t\t\t\t\t\t\t<\/div>\n\t\t\t\t<\/div>\n\t\t\t\t<div class=\"elementor-element elementor-element-36f786ee elementor-align-left elementor-widget elementor-widget-button\" data-id=\"36f786ee\" data-element_type=\"widget\" data-widget_type=\"button.default\">\n\t\t\t\t<div class=\"elementor-widget-container\">\n\t\t\t\t\t\t\t\t\t<div class=\"elementor-button-wrapper\">\n\t\t\t\t\t<a class=\"elementor-button elementor-button-link elementor-size-sm\" href=\"\/es\/productos\/tratores\/linha-bm\/\">\n\t\t\t\t\t\t<span class=\"elementor-button-content-wrapper\">\n\t\t\t\t\t\t\t\t\t<span class=\"elementor-button-text\">SABER M\u00c1S<\/span>\n\t\t\t\t\t<\/span>\n\t\t\t\t\t<\/a>\n\t\t\t\t<\/div>\n\t\t\t\t\t\t\t\t<\/div>\n\t\t\t\t<\/div>\n\t\t\t\t<\/div>\n\t\t<div class=\"elementor-element elementor-element-6cd685b3 e-con-full e-flex elementor-invisible e-con e-child\" data-id=\"6cd685b3\" data-element_type=\"container\" data-settings=\"{&quot;animation&quot;:&quot;fadeInRight&quot;}\">\n\t\t\t\t<div class=\"elementor-element elementor-element-203e714a elementor-widget elementor-widget-image\" data-id=\"203e714a\" data-element_type=\"widget\" data-widget_type=\"image.default\">\n\t\t\t\t<div class=\"elementor-widget-container\">\n\t\t\t\t\t\t\t\t\t\t\t\t\t\t\t<img decoding=\"async\" width=\"800\" height=\"450\" src=\"https:\/\/naturalsa.valtraar.math.group\/wp-content\/uploads\/sites\/26\/2025\/02\/872_vt_lancamento_bm_paginas_cultivos_bm_CANA_01.jpg\" class=\"attachment-large size-large wp-image-235\" alt=\"\" srcset=\"https:\/\/naturalsa.valtraar.math.group\/wp-content\/uploads\/sites\/26\/2025\/02\/872_vt_lancamento_bm_paginas_cultivos_bm_CANA_01.jpg 800w, https:\/\/naturalsa.valtraar.math.group\/wp-content\/uploads\/sites\/26\/2025\/02\/872_vt_lancamento_bm_paginas_cultivos_bm_CANA_01-300x169.jpg 300w, https:\/\/naturalsa.valtraar.math.group\/wp-content\/uploads\/sites\/26\/2025\/02\/872_vt_lancamento_bm_paginas_cultivos_bm_CANA_01-768x432.jpg 768w\" sizes=\"(max-width: 800px) 100vw, 800px\" \/>\t\t\t\t\t\t\t\t\t\t\t\t\t\t\t<\/div>\n\t\t\t\t<\/div>\n\t\t\t\t<\/div>\n\t\t\t\t<\/div>\n\t\t<div class=\"elementor-element elementor-element-d21f923 e-con-full content e-flex e-con e-parent\" data-id=\"d21f923\" data-element_type=\"container\">\n\t\t<div class=\"elementor-element elementor-element-dea9dd5 e-con-full e-flex elementor-invisible e-con e-child\" data-id=\"dea9dd5\" data-element_type=\"container\" data-settings=\"{&quot;animation&quot;:&quot;fadeInLeft&quot;}\">\n\t\t\t\t<div class=\"elementor-element elementor-element-9723513 elementor-widget elementor-widget-image\" data-id=\"9723513\" data-element_type=\"widget\" data-widget_type=\"image.default\">\n\t\t\t\t<div class=\"elementor-widget-container\">\n\t\t\t\t\t\t\t\t\t\t\t\t\t\t\t<img loading=\"lazy\" decoding=\"async\" width=\"600\" height=\"450\" src=\"https:\/\/naturalsa.valtraar.math.group\/wp-content\/uploads\/sites\/26\/2025\/02\/1754_VT_LANCAMENTO_PULV_BS2225H_HITECH_IMG03_01-600x450.jpg\" class=\"attachment-gb-block-post-grid-square size-gb-block-post-grid-square wp-image-236\" alt=\"\" \/>\t\t\t\t\t\t\t\t\t\t\t\t\t\t\t<\/div>\n\t\t\t\t<\/div>\n\t\t\t\t<\/div>\n\t\t<div class=\"elementor-element elementor-element-ad0079c e-con-full e-flex e-con e-child\" data-id=\"ad0079c\" data-element_type=\"container\">\n\t\t\t\t<div class=\"elementor-element elementor-element-6257c2b main-subtitle elementor-widget elementor-widget-heading\" data-id=\"6257c2b\" data-element_type=\"widget\" data-widget_type=\"heading.default\">\n\t\t\t\t<div class=\"elementor-widget-container\">\n\t\t\t\t\t<span class=\"elementor-heading-title elementor-size-default\">Pulverizadores<\/span>\t\t\t\t<\/div>\n\t\t\t\t<\/div>\n\t\t\t\t<div class=\"elementor-element elementor-element-cf2eb00 elementor-widget elementor-widget-text-editor\" data-id=\"cf2eb00\" data-element_type=\"widget\" data-widget_type=\"text-editor.default\">\n\t\t\t\t<div class=\"elementor-widget-container\">\n\t\t\t\t\t\t\t\t\t<div class=\"liftblockcomp aem-GridColumn aem-GridColumn--default--12\"><div class=\"liftblock liftblock--half liftblock--right\"><div class=\"liftblock__wrap\"><div class=\"liftblock__text\"><div class=\"liftblock__text-wrap\"><div class=\"liftblock__description\"><p class=\"\" data-start=\"44\" data-end=\"364\"><strong data-start=\"44\" data-end=\"364\">Alcance el m\u00e1ximo retorno de la inversi\u00f3n durante la fase de trabajos culturales con los Pulverizadores Valtra, que cuentan con una robustez y estructura diferenciada y flexible, dise\u00f1adas para depositar insumos de manera precisa, evitando desperdicios y obteniendo el mejor resultado en la aplicaci\u00f3n, sin p\u00e9rdidas.<\/strong><\/p><\/div><\/div><\/div><\/div><\/div><\/div>\t\t\t\t\t\t\t\t<\/div>\n\t\t\t\t<\/div>\n\t\t\t\t<div class=\"elementor-element elementor-element-85bb265 elementor-align-left elementor-widget elementor-widget-button\" data-id=\"85bb265\" data-element_type=\"widget\" data-widget_type=\"button.default\">\n\t\t\t\t<div class=\"elementor-widget-container\">\n\t\t\t\t\t\t\t\t\t<div class=\"elementor-button-wrapper\">\n\t\t\t\t\t<a class=\"elementor-button elementor-button-link elementor-size-sm\" href=\"\/es\/productos\/pulverizadores\/\">\n\t\t\t\t\t\t<span class=\"elementor-button-content-wrapper\">\n\t\t\t\t\t\t\t\t\t<span class=\"elementor-button-text\">SABER M\u00c1S<\/span>\n\t\t\t\t\t<\/span>\n\t\t\t\t\t<\/a>\n\t\t\t\t<\/div>\n\t\t\t\t\t\t\t\t<\/div>\n\t\t\t\t<\/div>\n\t\t\t\t<\/div>\n\t\t\t\t<\/div>\n\t\t\t\t<\/div>","protected":false},"excerpt":{"rendered":"<p>La robustez necesaria para una operaci\u00f3n sucroenerg\u00e9tica eficiente SOLUCIONES POR CULTIVO: CA\u00d1A Va m\u00e1s all\u00e1 de la siembra hasta la cosecha Dado que la ca\u00f1a de az\u00facar es uno de los cultivos principales de Brasil y, reconocidamente, un segmento de alta intensidad, es esencial contar con m\u00e1quinas robustas y potentes. Valtra dispone de una gama [&hellip;]<\/p>\n","protected":false},"author":1,"featured_media":0,"parent":0,"menu_order":0,"comment_status":"closed","ping_status":"closed","template":"","meta":{"_acf_changed":false,"footnotes":""},"class_list":["post-230","page","type-page","status-publish","hentry"],"acf":[],"featured_image_src":null,"featured_image_src_square":null,"_links":{"self":[{"href":"https:\/\/naturalsa.valtraar.math.group\/es\/wp-json\/wp\/v2\/pages\/230","targetHints":{"allow":["GET"]}}],"collection":[{"href":"https:\/\/naturalsa.valtraar.math.group\/es\/wp-json\/wp\/v2\/pages"}],"about":[{"href":"https:\/\/naturalsa.valtraar.math.group\/es\/wp-json\/wp\/v2\/types\/page"}],"author":[{"embeddable":true,"href":"https:\/\/naturalsa.valtraar.math.group\/es\/wp-json\/wp\/v2\/users\/1"}],"replies":[{"embeddable":true,"href":"https:\/\/naturalsa.valtraar.math.group\/es\/wp-json\/wp\/v2\/comments?post=230"}],"version-history":[{"count":0,"href":"https:\/\/naturalsa.valtraar.math.group\/es\/wp-json\/wp\/v2\/pages\/230\/revisions"}],"wp:attachment":[{"href":"https:\/\/naturalsa.valtraar.math.group\/es\/wp-json\/wp\/v2\/media?parent=230"}],"curies":[{"name":"wp","href":"https:\/\/api.w.org\/{rel}","templated":true}]}}