{"id":272,"date":"2025-02-06T14:46:04","date_gmt":"2025-02-06T17:46:04","guid":{"rendered":"https:\/\/padraovhml.tech.math.group\/?page_id=272"},"modified":"2025-04-28T10:22:36","modified_gmt":"2025-04-28T13:22:36","slug":"pecuaria","status":"publish","type":"page","link":"https:\/\/naturalsa.valtraar.math.group\/es\/pecuaria\/","title":{"rendered":"Ganaderia"},"content":{"rendered":"\t\t<div data-elementor-type=\"wp-page\" data-elementor-id=\"272\" class=\"elementor elementor-272\">\n\t\t\t\t<div class=\"elementor-element elementor-element-2dfb576a e-con-full main-title  e-flex e-con e-parent\" data-id=\"2dfb576a\" data-element_type=\"container\" data-settings=\"{&quot;background_background&quot;:&quot;classic&quot;}\">\n\t\t\t\t<div class=\"elementor-element elementor-element-908cb40 content elementor-widget elementor-widget-text-editor\" data-id=\"908cb40\" data-element_type=\"widget\" data-widget_type=\"text-editor.default\">\n\t\t\t\t<div class=\"elementor-widget-container\">\n\t\t\t\t\t\t\t\t\t<p>Simplifica tu operaci\u00f3n ganadera<br \/>con equipos Valtra.<\/p>\t\t\t\t\t\t\t\t<\/div>\n\t\t\t\t<\/div>\n\t\t\t\t<\/div>\n\t\t<div class=\"elementor-element elementor-element-2865bf8e e-con-full content e-flex e-con e-parent\" data-id=\"2865bf8e\" data-element_type=\"container\">\n\t\t\t\t<div class=\"elementor-element elementor-element-71b65fda main-title with-separator elementor-widget elementor-widget-heading\" data-id=\"71b65fda\" data-element_type=\"widget\" data-widget_type=\"heading.default\">\n\t\t\t\t<div class=\"elementor-widget-container\">\n\t\t\t\t\t<span class=\"elementor-heading-title elementor-size-default\">SOLUCIONES POR CULTIVO: GANADER\u00cdA\n\n<\/span>\t\t\t\t<\/div>\n\t\t\t\t<\/div>\n\t\t\t\t<\/div>\n\t\t<div class=\"elementor-element elementor-element-20663706 e-con-full content e-flex e-con e-parent\" data-id=\"20663706\" data-element_type=\"container\">\n\t\t<div class=\"elementor-element elementor-element-31e42618 e-con-full e-flex e-con e-child\" data-id=\"31e42618\" data-element_type=\"container\">\n\t\t\t\t<div class=\"elementor-element elementor-element-7232b696 elementor-widget elementor-widget-text-editor\" data-id=\"7232b696\" data-element_type=\"widget\" data-widget_type=\"text-editor.default\">\n\t\t\t\t<div class=\"elementor-widget-container\">\n\t\t\t\t\t\t\t\t\t<div class=\"liftblockcomp aem-GridColumn aem-GridColumn--default--12\"><div class=\"liftblock liftblock--half liftblock--right \"><div class=\"liftblock__wrap\"><div class=\"liftblock__text\"><div class=\"liftblock__text-wrap\"><div class=\"liftblock__description\"><div class=\"liftblockcomp aem-GridColumn aem-GridColumn--default--12\"><div class=\"liftblock liftblock--half liftblock--right \"><div class=\"liftblock__wrap\"><div class=\"liftblock__text\"><div class=\"liftblock__text-wrap\"><div class=\"liftblock__description\"><article class=\"text-token-text-primary w-full\" dir=\"auto\" data-testid=\"conversation-turn-148\" data-scroll-anchor=\"true\"><div class=\"text-base my-auto mx-auto py-5 [--thread-content-margin:--spacing(4)] @[37rem]:[--thread-content-margin:--spacing(6)] @[70rem]:[--thread-content-margin:--spacing(12)] px-(--thread-content-margin)\"><div class=\"[--thread-content-max-width:32rem] @[34rem]:[--thread-content-max-width:40rem] @[64rem]:[--thread-content-max-width:48rem] mx-auto flex max-w-(--thread-content-max-width) flex-1 text-base gap-4 md:gap-5 lg:gap-6 group\/turn-messages focus-visible:outline-hidden\" tabindex=\"-1\"><div class=\"group\/conversation-turn relative flex w-full min-w-0 flex-col agent-turn\"><div class=\"relative flex-col gap-1 md:gap-3\"><div class=\"flex max-w-full flex-col grow\"><div class=\"min-h-8 text-message relative flex w-full flex-col items-end gap-2 text-start break-words whitespace-normal [.text-message+&amp;]:mt-5\" dir=\"auto\" data-message-author-role=\"assistant\" data-message-id=\"3c2a0c27-cc9f-44d5-9743-695e0e41d51d\" data-message-model-slug=\"gpt-4o-mini\"><div class=\"flex w-full flex-col gap-1 empty:hidden first:pt-[3px]\"><div class=\"markdown prose dark:prose-invert w-full break-words dark\"><p class=\"\" data-start=\"0\" data-end=\"513\">Mucho m\u00e1s que equipos, Valtra entiende que el ganadero se preocupa por invertir en la gen\u00e9tica de su reba\u00f1o y en buenas pr\u00e1cticas de manejo y nutrici\u00f3n. Por eso, sabe lo importante que es contar con el apoyo de m\u00e1quinas en las diferentes actividades ganaderas. Ya sea en el mantenimiento de un pastizal, al hacer un cercado, en el manejo de confinamientos o en los mezcladores de raci\u00f3n, Valtra es pionera en ofrecer soluciones que facilitan el d\u00eda a d\u00eda del ganadero, aportando agilidad, versatilidad y econom\u00eda.<\/p><\/div><\/div><\/div><\/div><div class=\"mt-3 w-full empty:hidden\"><div class=\"text-center\">\u00a0<\/div><\/div><\/div><div class=\"absolute\"><div class=\"flex items-center justify-center\">\u00a0<\/div><\/div><\/div><\/div><\/div><\/article><div class=\"pointer-events-none h-px w-px\" aria-hidden=\"true\" data-edge=\"true\">\u00a0<\/div><\/div><\/div><\/div><\/div><\/div><\/div><\/div><\/div><\/div><\/div><\/div><\/div>\t\t\t\t\t\t\t\t<\/div>\n\t\t\t\t<\/div>\n\t\t\t\t<\/div>\n\t\t<div class=\"elementor-element elementor-element-3dc29ee7 e-con-full e-flex elementor-invisible e-con e-child\" data-id=\"3dc29ee7\" data-element_type=\"container\" data-settings=\"{&quot;animation&quot;:&quot;fadeInRight&quot;}\">\n\t\t\t\t<div class=\"elementor-element elementor-element-504cabfd elementor-widget elementor-widget-image\" data-id=\"504cabfd\" data-element_type=\"widget\" data-widget_type=\"image.default\">\n\t\t\t\t<div class=\"elementor-widget-container\">\n\t\t\t\t\t\t\t\t\t\t\t\t\t\t\t<img fetchpriority=\"high\" decoding=\"async\" width=\"800\" height=\"533\" src=\"https:\/\/naturalsa.valtraar.math.group\/wp-content\/uploads\/sites\/26\/2025\/02\/pecuaria_01.jpg\" class=\"attachment-large size-large wp-image-274\" alt=\"\" srcset=\"https:\/\/naturalsa.valtraar.math.group\/wp-content\/uploads\/sites\/26\/2025\/02\/pecuaria_01.jpg 800w, https:\/\/naturalsa.valtraar.math.group\/wp-content\/uploads\/sites\/26\/2025\/02\/pecuaria_01-300x200.jpg 300w, https:\/\/naturalsa.valtraar.math.group\/wp-content\/uploads\/sites\/26\/2025\/02\/pecuaria_01-768x512.jpg 768w, https:\/\/naturalsa.valtraar.math.group\/wp-content\/uploads\/sites\/26\/2025\/02\/pecuaria_01-600x400.jpg 600w\" sizes=\"(max-width: 800px) 100vw, 800px\" \/>\t\t\t\t\t\t\t\t\t\t\t\t\t\t\t<\/div>\n\t\t\t\t<\/div>\n\t\t\t\t<\/div>\n\t\t\t\t<\/div>\n\t\t<div class=\"elementor-element elementor-element-721237df e-con-full content e-flex e-con e-parent\" data-id=\"721237df\" data-element_type=\"container\">\n\t\t\t\t<div class=\"elementor-element elementor-element-70ed1129 main-title with-separator elementor-widget elementor-widget-heading\" data-id=\"70ed1129\" data-element_type=\"widget\" data-widget_type=\"heading.default\">\n\t\t\t\t<div class=\"elementor-widget-container\">\n\t\t\t\t\t<span class=\"elementor-heading-title elementor-size-default\">Consulta algunos de los destacados consagrados para tu producci\u00f3n:\n\n\n\n\n\n\n\n\n<\/span>\t\t\t\t<\/div>\n\t\t\t\t<\/div>\n\t\t\t\t<\/div>\n\t\t<div class=\"elementor-element elementor-element-22cf2640 e-con-full content e-flex e-con e-parent\" data-id=\"22cf2640\" data-element_type=\"container\">\n\t\t<div class=\"elementor-element elementor-element-18d70017 e-con-full e-flex elementor-invisible e-con e-child\" data-id=\"18d70017\" data-element_type=\"container\" data-settings=\"{&quot;animation&quot;:&quot;fadeInLeft&quot;}\">\n\t\t\t\t<div class=\"elementor-element elementor-element-6ca9fc41 elementor-widget elementor-widget-image\" data-id=\"6ca9fc41\" data-element_type=\"widget\" data-widget_type=\"image.default\">\n\t\t\t\t<div class=\"elementor-widget-container\">\n\t\t\t\t\t\t\t\t\t\t\t\t\t\t\t<img decoding=\"async\" width=\"600\" height=\"450\" src=\"https:\/\/naturalsa.valtraar.math.group\/wp-content\/uploads\/sites\/26\/2025\/02\/872_vt_lancamento_bm_paginas_cultivos_bm_PECUARIA_01-600x450.jpg\" class=\"attachment-gb-block-post-grid-square size-gb-block-post-grid-square wp-image-275\" alt=\"\" \/>\t\t\t\t\t\t\t\t\t\t\t\t\t\t\t<\/div>\n\t\t\t\t<\/div>\n\t\t\t\t<\/div>\n\t\t<div class=\"elementor-element elementor-element-3010f91e e-con-full e-flex e-con e-child\" data-id=\"3010f91e\" data-element_type=\"container\">\n\t\t\t\t<div class=\"elementor-element elementor-element-84e665 main-subtitle elementor-widget elementor-widget-heading\" data-id=\"84e665\" data-element_type=\"widget\" data-widget_type=\"heading.default\">\n\t\t\t\t<div class=\"elementor-widget-container\">\n\t\t\t\t\t<span class=\"elementor-heading-title elementor-size-default\">Tractor L\u00ednea BM Generaci\u00f3n 4\n\n\n\n\n\n\n\n\n<\/span>\t\t\t\t<\/div>\n\t\t\t\t<\/div>\n\t\t\t\t<div class=\"elementor-element elementor-element-ce1178c elementor-widget elementor-widget-text-editor\" data-id=\"ce1178c\" data-element_type=\"widget\" data-widget_type=\"text-editor.default\">\n\t\t\t\t<div class=\"elementor-widget-container\">\n\t\t\t\t\t\t\t\t\t<p class=\"\" data-start=\"0\" data-end=\"464\">Los tractores de la <strong data-start=\"20\" data-end=\"93\"><a class=\"\" href=\"https:\/\/www.valtra.com.br\/produtos\/tratores\/linha-bm.html\" target=\"_new\" rel=\"noopener\" data-start=\"22\" data-end=\"91\">L\u00ednea BM<\/a><\/strong> ya son tradicionales entre los ganaderos y brindan a\u00fan m\u00e1s confianza para las operaciones durante el cuidado de los animales. Disponibles en dos modelos (BM115 y BM135), son vers\u00e1tiles y realizan las diversas operaciones de la finca, desde la preparaci\u00f3n del suelo hasta la siembra en los cultivos, la producci\u00f3n de silo y el manejo directo de los animales en el corral.<\/p><p class=\"\" data-start=\"466\" data-end=\"836\">Su Motor AGCO Power de 4 cilindros con inyecci\u00f3n mec\u00e1nica garantiza un ahorro de combustible de hasta el 15% y un sistema simple con bajos costos de mantenimiento, adem\u00e1s de gran robustez, resistencia para actividades extremas y el soporte exclusivo del servicio postventa de Valtra, garantizando piezas, aditivos y lubricantes originales para mantener su productividad.<\/p>\t\t\t\t\t\t\t\t<\/div>\n\t\t\t\t<\/div>\n\t\t\t\t<div class=\"elementor-element elementor-element-3ad1a125 elementor-align-left elementor-widget elementor-widget-button\" data-id=\"3ad1a125\" data-element_type=\"widget\" data-widget_type=\"button.default\">\n\t\t\t\t<div class=\"elementor-widget-container\">\n\t\t\t\t\t\t\t\t\t<div class=\"elementor-button-wrapper\">\n\t\t\t\t\t<a class=\"elementor-button elementor-button-link elementor-size-sm\" href=\"\/produtos\/tratores\/linha-bm\">\n\t\t\t\t\t\t<span class=\"elementor-button-content-wrapper\">\n\t\t\t\t\t\t\t\t\t<span class=\"elementor-button-text\">Saber m\u00e1s<\/span>\n\t\t\t\t\t<\/span>\n\t\t\t\t\t<\/a>\n\t\t\t\t<\/div>\n\t\t\t\t\t\t\t\t<\/div>\n\t\t\t\t<\/div>\n\t\t\t\t<\/div>\n\t\t\t\t<\/div>\n\t\t<div class=\"elementor-element elementor-element-7fe3f77a e-con-full content e-flex e-con e-parent\" data-id=\"7fe3f77a\" data-element_type=\"container\">\n\t\t<div class=\"elementor-element elementor-element-39a5a82a e-con-full e-flex e-con e-child\" data-id=\"39a5a82a\" data-element_type=\"container\">\n\t\t\t\t<div class=\"elementor-element elementor-element-7c41466a main-subtitle elementor-widget elementor-widget-heading\" data-id=\"7c41466a\" data-element_type=\"widget\" data-widget_type=\"heading.default\">\n\t\t\t\t<div class=\"elementor-widget-container\">\n\t\t\t\t\t<span class=\"elementor-heading-title elementor-size-default\">S\u00e9rie A2R\n<\/span>\t\t\t\t<\/div>\n\t\t\t\t<\/div>\n\t\t\t\t<div class=\"elementor-element elementor-element-731cafa4 elementor-widget elementor-widget-text-editor\" data-id=\"731cafa4\" data-element_type=\"widget\" data-widget_type=\"text-editor.default\">\n\t\t\t\t<div class=\"elementor-widget-container\">\n\t\t\t\t\t\t\t\t\t<p class=\"\" data-start=\"0\" data-end=\"469\">Conocida y consagrada en el mercado, la <strong data-start=\"40\" data-end=\"110\"><a target=\"_new\" rel=\"noopener\" data-start=\"42\" data-end=\"108\">Serie A2R<\/a><\/strong> es vers\u00e1til y ideal para las necesidades diarias del ganadero. Con una <strong data-start=\"182\" data-end=\"219\">excelente relaci\u00f3n calidad-precio<\/strong>, funciona como un verdadero &#8220;todoterreno&#8221; para el ganadero: arrastra remolques y desmalezadoras; ayuda en la alimentaci\u00f3n y el transporte de sal al ganado; transporta postes para hacer cercas; arrastra silo; entre otras muchas funciones en la finca.<\/p><p class=\"\" data-start=\"471\" data-end=\"1041\">Con su Motor AGCO Power, m\u00e1s eficiente y econ\u00f3mico, proporciona <strong data-start=\"535\" data-end=\"597\">una reducci\u00f3n de hasta el 10% en el consumo de combustible<\/strong>, adem\u00e1s de <strong data-start=\"609\" data-end=\"645\">alto torque y bajas revoluciones<\/strong>. Posee <strong data-start=\"653\" data-end=\"723\">una capacidad de levante un 6% superior a las opciones del mercado<\/strong>, lo que permite trabajar con implementos m\u00e1s grandes y pesados, aumentando las posibilidades de operaci\u00f3n. Enfocado en simplificar la vida del productor, el mantenimiento b\u00e1sico de su A2R se puede realizar f\u00e1cilmente sin salir de la finca. <strong data-start=\"964\" data-end=\"1040\">Tractor A2R: ideal para quienes buscan simplicidad, confianza y robustez<\/strong>.<\/p>\t\t\t\t\t\t\t\t<\/div>\n\t\t\t\t<\/div>\n\t\t\t\t<div class=\"elementor-element elementor-element-36f786ee elementor-align-left elementor-widget elementor-widget-button\" data-id=\"36f786ee\" data-element_type=\"widget\" data-widget_type=\"button.default\">\n\t\t\t\t<div class=\"elementor-widget-container\">\n\t\t\t\t\t\t\t\t\t<div class=\"elementor-button-wrapper\">\n\t\t\t\t\t<a class=\"elementor-button elementor-button-link elementor-size-sm\" href=\"\/produtos\/tratores\/serie-a2r\">\n\t\t\t\t\t\t<span class=\"elementor-button-content-wrapper\">\n\t\t\t\t\t\t\t\t\t<span class=\"elementor-button-text\">Saber m\u00e1s<\/span>\n\t\t\t\t\t<\/span>\n\t\t\t\t\t<\/a>\n\t\t\t\t<\/div>\n\t\t\t\t\t\t\t\t<\/div>\n\t\t\t\t<\/div>\n\t\t\t\t<\/div>\n\t\t<div class=\"elementor-element elementor-element-6cd685b3 e-con-full e-flex elementor-invisible e-con e-child\" data-id=\"6cd685b3\" data-element_type=\"container\" data-settings=\"{&quot;animation&quot;:&quot;fadeInRight&quot;}\">\n\t\t\t\t<div class=\"elementor-element elementor-element-203e714a elementor-widget elementor-widget-image\" data-id=\"203e714a\" data-element_type=\"widget\" data-widget_type=\"image.default\">\n\t\t\t\t<div class=\"elementor-widget-container\">\n\t\t\t\t\t\t\t\t\t\t\t\t\t\t\t<img decoding=\"async\" width=\"800\" height=\"800\" src=\"https:\/\/naturalsa.valtraar.math.group\/wp-content\/uploads\/sites\/26\/2025\/02\/familiar_02-2.jpg\" class=\"attachment-large size-large wp-image-276\" alt=\"\" srcset=\"https:\/\/naturalsa.valtraar.math.group\/wp-content\/uploads\/sites\/26\/2025\/02\/familiar_02-2.jpg 800w, https:\/\/naturalsa.valtraar.math.group\/wp-content\/uploads\/sites\/26\/2025\/02\/familiar_02-2-300x300.jpg 300w, https:\/\/naturalsa.valtraar.math.group\/wp-content\/uploads\/sites\/26\/2025\/02\/familiar_02-2-150x150.jpg 150w, https:\/\/naturalsa.valtraar.math.group\/wp-content\/uploads\/sites\/26\/2025\/02\/familiar_02-2-768x768.jpg 768w, https:\/\/naturalsa.valtraar.math.group\/wp-content\/uploads\/sites\/26\/2025\/02\/familiar_02-2-600x600.jpg 600w\" sizes=\"(max-width: 800px) 100vw, 800px\" \/>\t\t\t\t\t\t\t\t\t\t\t\t\t\t\t<\/div>\n\t\t\t\t<\/div>\n\t\t\t\t<\/div>\n\t\t\t\t<\/div>\n\t\t<div class=\"elementor-element elementor-element-9c40e7b e-con-full content e-flex e-con e-parent\" data-id=\"9c40e7b\" data-element_type=\"container\">\n\t\t<div class=\"elementor-element elementor-element-b13f60d e-con-full e-flex elementor-invisible e-con e-child\" data-id=\"b13f60d\" data-element_type=\"container\" data-settings=\"{&quot;animation&quot;:&quot;fadeInLeft&quot;}\">\n\t\t\t\t<div class=\"elementor-element elementor-element-72d086b elementor-widget elementor-widget-image\" data-id=\"72d086b\" data-element_type=\"widget\" data-widget_type=\"image.default\">\n\t\t\t\t<div class=\"elementor-widget-container\">\n\t\t\t\t\t\t\t\t\t\t\t\t\t\t\t<img loading=\"lazy\" decoding=\"async\" width=\"600\" height=\"533\" src=\"https:\/\/naturalsa.valtraar.math.group\/wp-content\/uploads\/sites\/26\/2025\/02\/pecuaria_serie_a4s-600x533.jpg\" class=\"attachment-gb-block-post-grid-square size-gb-block-post-grid-square wp-image-277\" alt=\"\" \/>\t\t\t\t\t\t\t\t\t\t\t\t\t\t\t<\/div>\n\t\t\t\t<\/div>\n\t\t\t\t<\/div>\n\t\t<div class=\"elementor-element elementor-element-115cb9a e-con-full e-flex e-con e-child\" data-id=\"115cb9a\" data-element_type=\"container\">\n\t\t\t\t<div class=\"elementor-element elementor-element-2ec5469 main-subtitle elementor-widget elementor-widget-heading\" data-id=\"2ec5469\" data-element_type=\"widget\" data-widget_type=\"heading.default\">\n\t\t\t\t<div class=\"elementor-widget-container\">\n\t\t\t\t\t<span class=\"elementor-heading-title elementor-size-default\">L\u00ednea A4S e A4\n<\/span>\t\t\t\t<\/div>\n\t\t\t\t<\/div>\n\t\t\t\t<div class=\"elementor-element elementor-element-0d58806 elementor-widget elementor-widget-text-editor\" data-id=\"0d58806\" data-element_type=\"widget\" data-widget_type=\"text-editor.default\">\n\t\t\t\t<div class=\"elementor-widget-container\">\n\t\t\t\t\t\t\t\t\t<article class=\"text-token-text-primary w-full\" dir=\"auto\" data-testid=\"conversation-turn-158\" data-scroll-anchor=\"true\"><div class=\"text-base my-auto mx-auto py-5 [--thread-content-margin:--spacing(4)] @[37rem]:[--thread-content-margin:--spacing(6)] @[70rem]:[--thread-content-margin:--spacing(12)] px-(--thread-content-margin)\"><div class=\"[--thread-content-max-width:32rem] @[34rem]:[--thread-content-max-width:40rem] @[64rem]:[--thread-content-max-width:48rem] mx-auto flex max-w-(--thread-content-max-width) flex-1 text-base gap-4 md:gap-5 lg:gap-6 group\/turn-messages focus-visible:outline-hidden\" tabindex=\"-1\"><div class=\"group\/conversation-turn relative flex w-full min-w-0 flex-col agent-turn\"><div class=\"relative flex-col gap-1 md:gap-3\"><div class=\"flex max-w-full flex-col grow\"><div class=\"min-h-8 text-message relative flex w-full flex-col items-end gap-2 text-start break-words whitespace-normal [.text-message+&amp;]:mt-5\" dir=\"auto\" data-message-author-role=\"assistant\" data-message-id=\"bb59b602-8f0a-438f-b993-8557a9836484\" data-message-model-slug=\"gpt-4o-mini\"><div class=\"flex w-full flex-col gap-1 empty:hidden first:pt-[3px]\"><div class=\"markdown prose dark:prose-invert w-full break-words dark\"><p class=\"\" data-start=\"0\" data-end=\"662\">Con mayor robustez, potencia y transmisi\u00f3n 12&#215;12, las Series <strong data-start=\"61\" data-end=\"125\"><a target=\"_new\" rel=\"noopener\" data-start=\"63\" data-end=\"123\" data-is-only-node=\"\">A4S<\/a><\/strong> y <strong data-start=\"128\" data-end=\"190\"><a target=\"_new\" rel=\"noopener\" data-start=\"130\" data-end=\"188\" data-is-only-node=\"\">A4<\/a><\/strong> proporcionan una transmisi\u00f3n moderna y sincronizada, con mayor <strong data-start=\"254\" data-end=\"278\">agilidad de maniobra<\/strong> y <strong data-start=\"281\" data-end=\"316\">facilidad en las tareas diarias<\/strong>, adem\u00e1s de <strong data-start=\"328\" data-end=\"372\">un ahorro de combustible de hasta el 10%<\/strong>. Ambas cuentan con la opci\u00f3n de ser equipadas con el reductor Creeper para atender, por ejemplo, a la velocidad de distribuci\u00f3n de alimento en la dosis adecuada para la alimentaci\u00f3n del ganado en el comedero. <strong data-start=\"582\" data-end=\"661\">M\u00e1ximo aprovechamiento en el trabajo y m\u00e1s tiempo para que tu d\u00eda rinda m\u00e1s<\/strong>.<\/p><\/div><\/div><\/div><\/div><\/div><div class=\"absolute\"><div class=\"flex items-center justify-center\">\u00a0<\/div><\/div><\/div><\/div><\/div><\/article><div class=\"pointer-events-none h-px w-px\" aria-hidden=\"true\" data-edge=\"true\">\u00a0<\/div>\t\t\t\t\t\t\t\t<\/div>\n\t\t\t\t<\/div>\n\t\t\t\t<div class=\"elementor-element elementor-element-86c8e34 elementor-align-left elementor-widget elementor-widget-button\" data-id=\"86c8e34\" data-element_type=\"widget\" data-widget_type=\"button.default\">\n\t\t\t\t<div class=\"elementor-widget-container\">\n\t\t\t\t\t\t\t\t\t<div class=\"elementor-button-wrapper\">\n\t\t\t\t\t<a class=\"elementor-button elementor-button-link elementor-size-sm\" href=\"\/produtos\/tratores\/serie-a4s\">\n\t\t\t\t\t\t<span class=\"elementor-button-content-wrapper\">\n\t\t\t\t\t\t\t\t\t<span class=\"elementor-button-text\">Saber m\u00e1s<\/span>\n\t\t\t\t\t<\/span>\n\t\t\t\t\t<\/a>\n\t\t\t\t<\/div>\n\t\t\t\t\t\t\t\t<\/div>\n\t\t\t\t<\/div>\n\t\t\t\t<\/div>\n\t\t\t\t<\/div>\n\t\t\t\t<\/div>\n\t\t","protected":false},"excerpt":{"rendered":"<p>Simplifica tu operaci\u00f3n ganaderacon equipos Valtra. SOLUCIONES POR CULTIVO: GANADER\u00cdA Mucho m\u00e1s que equipos, Valtra entiende que el ganadero se preocupa por invertir en la gen\u00e9tica de su reba\u00f1o y en buenas pr\u00e1cticas de manejo y nutrici\u00f3n. Por eso, sabe lo importante que es contar con el apoyo de m\u00e1quinas en las diferentes actividades ganaderas. [&hellip;]<\/p>\n","protected":false},"author":1,"featured_media":0,"parent":0,"menu_order":0,"comment_status":"closed","ping_status":"closed","template":"","meta":{"_acf_changed":false,"footnotes":""},"class_list":["post-272","page","type-page","status-publish","hentry"],"acf":[],"featured_image_src":null,"featured_image_src_square":null,"_links":{"self":[{"href":"https:\/\/naturalsa.valtraar.math.group\/es\/wp-json\/wp\/v2\/pages\/272","targetHints":{"allow":["GET"]}}],"collection":[{"href":"https:\/\/naturalsa.valtraar.math.group\/es\/wp-json\/wp\/v2\/pages"}],"about":[{"href":"https:\/\/naturalsa.valtraar.math.group\/es\/wp-json\/wp\/v2\/types\/page"}],"author":[{"embeddable":true,"href":"https:\/\/naturalsa.valtraar.math.group\/es\/wp-json\/wp\/v2\/users\/1"}],"replies":[{"embeddable":true,"href":"https:\/\/naturalsa.valtraar.math.group\/es\/wp-json\/wp\/v2\/comments?post=272"}],"version-history":[{"count":0,"href":"https:\/\/naturalsa.valtraar.math.group\/es\/wp-json\/wp\/v2\/pages\/272\/revisions"}],"wp:attachment":[{"href":"https:\/\/naturalsa.valtraar.math.group\/es\/wp-json\/wp\/v2\/media?parent=272"}],"curies":[{"name":"wp","href":"https:\/\/api.w.org\/{rel}","templated":true}]}}